{"id":21,"date":"2024-08-24T14:31:44","date_gmt":"2024-08-24T12:31:44","guid":{"rendered":"https:\/\/achtyvztahy.cz\/?page_id=21"},"modified":"2024-08-24T14:31:44","modified_gmt":"2024-08-24T12:31:44","slug":"o-zdence","status":"publish","type":"page","link":"https:\/\/achtyvztahy.cz\/?page_id=21","title":{"rendered":"O Zde\u0148ce"},"content":{"rendered":"\n<p>Zde\u0148ka Beranov\u00e1, je \u010desk\u00e1 advok\u00e1tka a pr\u00e1vni\u010dka, kter\u00e1 se specializuje na ob\u010dansk\u00e9 a rodinn\u00e9 pr\u00e1vo. Po studiu na Pr\u00e1vnick\u00e9 fakult\u011b Univerzity Karlovy v Praze za\u010dala svou kari\u00e9ru jako pr\u00e1vni\u010dka. V roce 1996 zah\u00e1jila svou vlastn\u00ed advok\u00e1tn\u00ed praxi a od t\u00e9 doby p\u016fsob\u00ed jako samostatn\u00fd advok\u00e1t v Praze. Vedle sv\u00e9 pr\u00e1vn\u00ed praxe se tak\u00e9 v\u011bnuje rodinn\u00e9mu poradenstv\u00ed. PhDr. z\u00edskala studiem na slovensk\u00e9 univerzit\u011b v oblasti soci\u00e1ln\u00ed pr\u00e1ce. V posledn\u00edch letech se zam\u011b\u0159uje na poradenstv\u00ed na m\u00edru.<\/p>\n\n\n\n<figure class=\"wp-block-image size-full is-resized\"><img loading=\"lazy\" decoding=\"async\" width=\"719\" height=\"960\" src=\"https:\/\/achtyvztahy.cz\/wp-content\/uploads\/2024\/08\/IMG_ZB.jpg\" alt=\"\" class=\"wp-image-22\" style=\"width:378px;height:auto\" srcset=\"https:\/\/achtyvztahy.cz\/wp-content\/uploads\/2024\/08\/IMG_ZB.jpg 719w, https:\/\/achtyvztahy.cz\/wp-content\/uploads\/2024\/08\/IMG_ZB-225x300.jpg 225w\" sizes=\"auto, (max-width: 719px) 100vw, 719px\" \/><\/figure>\n","protected":false},"excerpt":{"rendered":"<p>Zde\u0148ka Beranov\u00e1, je \u010desk\u00e1 advok\u00e1tka a pr\u00e1vni\u010dka, kter\u00e1 se specializuje na ob\u010dansk\u00e9 a rodinn\u00e9 pr\u00e1vo. Po studiu na Pr\u00e1vnick\u00e9 fakult\u011b Univerzity Karlovy v Praze za\u010dala svou kari\u00e9ru jako pr\u00e1vni\u010dka. V roce 1996 zah\u00e1jila svou vlastn\u00ed advok\u00e1tn\u00ed praxi a od t\u00e9 doby p\u016fsob\u00ed jako samostatn\u00fd advok\u00e1t v Praze. Vedle sv\u00e9 pr\u00e1vn\u00ed praxe se tak\u00e9 v\u011bnuje rodinn\u00e9mu [&hellip;]<\/p>\n","protected":false},"author":1,"featured_media":0,"parent":0,"menu_order":0,"comment_status":"closed","ping_status":"closed","template":"","meta":{"footnotes":""},"class_list":["post-21","page","type-page","status-publish","hentry"],"_links":{"self":[{"href":"https:\/\/achtyvztahy.cz\/index.php?rest_route=\/wp\/v2\/pages\/21","targetHints":{"allow":["GET"]}}],"collection":[{"href":"https:\/\/achtyvztahy.cz\/index.php?rest_route=\/wp\/v2\/pages"}],"about":[{"href":"https:\/\/achtyvztahy.cz\/index.php?rest_route=\/wp\/v2\/types\/page"}],"author":[{"embeddable":true,"href":"https:\/\/achtyvztahy.cz\/index.php?rest_route=\/wp\/v2\/users\/1"}],"replies":[{"embeddable":true,"href":"https:\/\/achtyvztahy.cz\/index.php?rest_route=%2Fwp%2Fv2%2Fcomments&post=21"}],"version-history":[{"count":1,"href":"https:\/\/achtyvztahy.cz\/index.php?rest_route=\/wp\/v2\/pages\/21\/revisions"}],"predecessor-version":[{"id":23,"href":"https:\/\/achtyvztahy.cz\/index.php?rest_route=\/wp\/v2\/pages\/21\/revisions\/23"}],"wp:attachment":[{"href":"https:\/\/achtyvztahy.cz\/index.php?rest_route=%2Fwp%2Fv2%2Fmedia&parent=21"}],"curies":[{"name":"wp","href":"https:\/\/api.w.org\/{rel}","templated":true}]}}