{"id":2,"date":"2024-08-12T16:35:44","date_gmt":"2024-08-12T14:35:44","guid":{"rendered":"https:\/\/achtyvztahy.cz\/?page_id=2"},"modified":"2024-08-24T14:05:23","modified_gmt":"2024-08-24T12:05:23","slug":"zkusebni-stranka","status":"publish","type":"page","link":"https:\/\/achtyvztahy.cz\/?page_id=2","title":{"rendered":"O smyslu t\u00e9to str\u00e1nky"},"content":{"rendered":"\n<p>Hled\u00e1te podporu pro sebe nebo svou rodinu? Chcete l\u00e9pe porozum\u011bt sv\u00fdm emoc\u00edm, zlep\u0161it vztahy nebo posunout sv\u016fj osobn\u00ed r\u016fst na vy\u0161\u0161\u00ed \u00farove\u0148? V m\u00e9m poradenstv\u00ed se zam\u011b\u0159uji na rodinu, osobn\u00ed rozvoj a sebezdokonalov\u00e1n\u00ed. Nab\u00edz\u00edm bezpe\u010dn\u00e9 a empatick\u00e9 prost\u0159ed\u00ed, kde m\u016f\u017eete otev\u0159en\u011b hovo\u0159it o sv\u00fdch probl\u00e9mech a hledat spole\u010dn\u011b \u0159e\u0161en\u00ed.<\/p>\n","protected":false},"excerpt":{"rendered":"<p>Hled\u00e1te podporu pro sebe nebo svou rodinu? Chcete l\u00e9pe porozum\u011bt sv\u00fdm emoc\u00edm, zlep\u0161it vztahy nebo posunout sv\u016fj osobn\u00ed r\u016fst na vy\u0161\u0161\u00ed \u00farove\u0148? V m\u00e9m poradenstv\u00ed se zam\u011b\u0159uji na rodinu, osobn\u00ed rozvoj a sebezdokonalov\u00e1n\u00ed. Nab\u00edz\u00edm bezpe\u010dn\u00e9 a empatick\u00e9 prost\u0159ed\u00ed, kde m\u016f\u017eete otev\u0159en\u011b hovo\u0159it o sv\u00fdch probl\u00e9mech a hledat spole\u010dn\u011b \u0159e\u0161en\u00ed.<\/p>\n","protected":false},"author":1,"featured_media":0,"parent":0,"menu_order":0,"comment_status":"closed","ping_status":"open","template":"","meta":{"footnotes":""},"class_list":["post-2","page","type-page","status-publish","hentry"],"_links":{"self":[{"href":"https:\/\/achtyvztahy.cz\/index.php?rest_route=\/wp\/v2\/pages\/2","targetHints":{"allow":["GET"]}}],"collection":[{"href":"https:\/\/achtyvztahy.cz\/index.php?rest_route=\/wp\/v2\/pages"}],"about":[{"href":"https:\/\/achtyvztahy.cz\/index.php?rest_route=\/wp\/v2\/types\/page"}],"author":[{"embeddable":true,"href":"https:\/\/achtyvztahy.cz\/index.php?rest_route=\/wp\/v2\/users\/1"}],"replies":[{"embeddable":true,"href":"https:\/\/achtyvztahy.cz\/index.php?rest_route=%2Fwp%2Fv2%2Fcomments&post=2"}],"version-history":[{"count":3,"href":"https:\/\/achtyvztahy.cz\/index.php?rest_route=\/wp\/v2\/pages\/2\/revisions"}],"predecessor-version":[{"id":11,"href":"https:\/\/achtyvztahy.cz\/index.php?rest_route=\/wp\/v2\/pages\/2\/revisions\/11"}],"wp:attachment":[{"href":"https:\/\/achtyvztahy.cz\/index.php?rest_route=%2Fwp%2Fv2%2Fmedia&parent=2"}],"curies":[{"name":"wp","href":"https:\/\/api.w.org\/{rel}","templated":true}]}}