{"id":14,"date":"2024-08-24T14:18:07","date_gmt":"2024-08-24T12:18:07","guid":{"rendered":"https:\/\/achtyvztahy.cz\/?page_id=14"},"modified":"2024-08-24T14:22:55","modified_gmt":"2024-08-24T12:22:55","slug":"objednani","status":"publish","type":"page","link":"https:\/\/achtyvztahy.cz\/?page_id=14","title":{"rendered":"Objedn\u00e1n\u00ed"},"content":{"rendered":"\n<p>Ka\u017ed\u00fd z n\u00e1s se n\u011bkdy ocitne v situaci, kdy pot\u0159ebuje nasm\u011brov\u00e1n\u00ed nebo podporu. A\u0165 u\u017e \u0159e\u0161\u00edte vztahov\u00e9 probl\u00e9my, vnit\u0159n\u00ed nejistoty nebo jen chcete pracovat na sv\u00e9 sebereflexi, jsem tu pro v\u00e1s. Spole\u010dn\u011b budeme hledat cesty, jak dos\u00e1hnout harmonie ve va\u0161em \u017eivot\u011b a rozv\u00edjet va\u0161e pln\u00e9 potenci\u00e1ly.<\/p>\n\n\n\n<p>Cena za hodinov\u00fd telefonick\u00fd rozhovor za\u010d\u00edn\u00e1 na 500 K\u010d. Tento \u010das je v\u011bnov\u00e1n jen v\u00e1m, va\u0161im pot\u0159eb\u00e1m a c\u00edl\u016fm. Osobn\u00ed setk\u00e1n\u00ed za\u010d\u00edn\u00e1 na 1000 K\u010d.<\/p>\n\n\n\n<p>Platby na \u00fa\u010det: 2701823084\/2010<\/p>\n\n\n\n<p>Objedn\u00e1n\u00ed mo\u017en\u00e9 na WhatsApp, Viber \u010di Telegram nebo telefonicky na \u010d\u00edsle: 603743758 nebo na emailu: zdenka.beran@volny.cz<\/p>\n","protected":false},"excerpt":{"rendered":"<p>Ka\u017ed\u00fd z n\u00e1s se n\u011bkdy ocitne v situaci, kdy pot\u0159ebuje nasm\u011brov\u00e1n\u00ed nebo podporu. A\u0165 u\u017e \u0159e\u0161\u00edte vztahov\u00e9 probl\u00e9my, vnit\u0159n\u00ed nejistoty nebo jen chcete pracovat na sv\u00e9 sebereflexi, jsem tu pro v\u00e1s. Spole\u010dn\u011b budeme hledat cesty, jak dos\u00e1hnout harmonie ve va\u0161em \u017eivot\u011b a rozv\u00edjet va\u0161e pln\u00e9 potenci\u00e1ly. Cena za hodinov\u00fd telefonick\u00fd rozhovor za\u010d\u00edn\u00e1 na 500 K\u010d. [&hellip;]<\/p>\n","protected":false},"author":1,"featured_media":0,"parent":0,"menu_order":0,"comment_status":"closed","ping_status":"closed","template":"","meta":{"footnotes":""},"class_list":["post-14","page","type-page","status-publish","hentry"],"_links":{"self":[{"href":"https:\/\/achtyvztahy.cz\/index.php?rest_route=\/wp\/v2\/pages\/14","targetHints":{"allow":["GET"]}}],"collection":[{"href":"https:\/\/achtyvztahy.cz\/index.php?rest_route=\/wp\/v2\/pages"}],"about":[{"href":"https:\/\/achtyvztahy.cz\/index.php?rest_route=\/wp\/v2\/types\/page"}],"author":[{"embeddable":true,"href":"https:\/\/achtyvztahy.cz\/index.php?rest_route=\/wp\/v2\/users\/1"}],"replies":[{"embeddable":true,"href":"https:\/\/achtyvztahy.cz\/index.php?rest_route=%2Fwp%2Fv2%2Fcomments&post=14"}],"version-history":[{"count":5,"href":"https:\/\/achtyvztahy.cz\/index.php?rest_route=\/wp\/v2\/pages\/14\/revisions"}],"predecessor-version":[{"id":20,"href":"https:\/\/achtyvztahy.cz\/index.php?rest_route=\/wp\/v2\/pages\/14\/revisions\/20"}],"wp:attachment":[{"href":"https:\/\/achtyvztahy.cz\/index.php?rest_route=%2Fwp%2Fv2%2Fmedia&parent=14"}],"curies":[{"name":"wp","href":"https:\/\/api.w.org\/{rel}","templated":true}]}}